{"id":4611,"date":"2025-10-20T14:34:00","date_gmt":"2025-10-20T12:34:00","guid":{"rendered":"https:\/\/wr-gruppe.com\/?page_id=4611"},"modified":"2025-10-20T14:52:24","modified_gmt":"2025-10-20T12:52:24","slug":"barrierefreiheit","status":"publish","type":"page","link":"https:\/\/wr-gruppe.com\/en\/barrierefreiheit\/","title":{"rendered":"Accessibility statement"},"content":{"rendered":"<div data-elementor-type=\"wp-page\" data-elementor-id=\"4611\" class=\"elementor elementor-4611\" data-elementor-post-type=\"page\">\n\t\t\t\t<div class=\"elementor-element elementor-element-38046d8 e-con-full subsite-hero e-flex e-con e-parent\" data-id=\"38046d8\" data-element_type=\"container\" data-settings=\"{&quot;background_background&quot;:&quot;classic&quot;}\">\n\t\t<div class=\"elementor-element elementor-element-8b0b929 bg-grey e-flex e-con-boxed e-con e-child\" data-id=\"8b0b929\" data-element_type=\"container\" data-settings=\"{&quot;background_background&quot;:&quot;classic&quot;}\">\n\t\t\t\t\t<div class=\"e-con-inner\">\n\t\t<div class=\"elementor-element elementor-element-1b53335 e-flex e-con-boxed e-con e-child\" data-id=\"1b53335\" data-element_type=\"container\">\n\t\t\t\t\t<div class=\"e-con-inner\">\n\t\t\t\t<div class=\"elementor-element elementor-element-1971db1 elementor-absolute elementor-widget elementor-widget-html\" data-id=\"1971db1\" data-element_type=\"widget\" data-settings=\"{&quot;_position&quot;:&quot;absolute&quot;}\" data-widget_type=\"html.default\">\n\t\t\t\t<div class=\"elementor-widget-container\">\n\t\t\t\t\t<div class=\"pseudo-background\"><\/div>\t\t\t\t<\/div>\n\t\t\t\t<\/div>\n\t\t<div class=\"elementor-element elementor-element-2aada05 e-con-full dark e-flex e-con e-child\" data-id=\"2aada05\" data-element_type=\"container\" data-settings=\"{&quot;background_background&quot;:&quot;classic&quot;}\">\n\t\t\t\t<div class=\"elementor-element elementor-element-656244a elementor-invisible elementor-widget elementor-widget-shortcode\" data-id=\"656244a\" data-element_type=\"widget\" data-settings=\"{&quot;_animation&quot;:&quot;fadeInUp&quot;}\" data-widget_type=\"shortcode.default\">\n\t\t\t\t<div class=\"elementor-widget-container\">\n\t\t\t\t\t\t\t<div class=\"elementor-shortcode\"><nav aria-label=\"breadcrumbs\" class=\"rank-math-breadcrumb\"><p><span class=\"last\">Home<\/span><\/p><\/nav><\/div>\n\t\t\t\t\t\t<\/div>\n\t\t\t\t<\/div>\n\t\t\t\t<div class=\"elementor-element elementor-element-5837e42 animated-fast elementor-invisible elementor-widget elementor-widget-heading\" data-id=\"5837e42\" data-element_type=\"widget\" data-settings=\"{&quot;_animation&quot;:&quot;fadeInUp&quot;}\" data-widget_type=\"heading.default\">\n\t\t\t\t<div class=\"elementor-widget-container\">\n\t\t\t\t\t<h1 class=\"elementor-heading-title elementor-size-default\">Accessibility statement<\/h1>\t\t\t\t<\/div>\n\t\t\t\t<\/div>\n\t\t\t\t<\/div>\n\t\t<div class=\"elementor-element elementor-element-ba9cebb elementor-hidden-mobile e-flex e-con-boxed e-con e-child\" data-id=\"ba9cebb\" data-element_type=\"container\" data-settings=\"{&quot;background_background&quot;:&quot;gradient&quot;}\">\n\t\t\t\t\t<div class=\"e-con-inner\">\n\t\t\t\t\t<\/div>\n\t\t\t\t<\/div>\n\t\t\t\t\t<\/div>\n\t\t\t\t<\/div>\n\t\t\t\t\t<\/div>\n\t\t\t\t<\/div>\n\t\t\t\t<\/div>\n\t\t<div class=\"elementor-element elementor-element-1500989 bg-white section-padding e-flex e-con-boxed e-con e-parent\" data-id=\"1500989\" data-element_type=\"container\">\n\t\t\t\t\t<div class=\"e-con-inner\">\n\t\t<div class=\"elementor-element elementor-element-13459ff e-flex e-con-boxed e-con e-child\" data-id=\"13459ff\" data-element_type=\"container\">\n\t\t\t\t\t<div class=\"e-con-inner\">\n\t\t\t\t<div class=\"elementor-element elementor-element-fadf09f elementor-widget elementor-widget-text-editor\" data-id=\"fadf09f\" data-element_type=\"widget\" data-widget_type=\"text-editor.default\">\n\t\t\t\t<div class=\"elementor-widget-container\">\n\t\t\t\t\t\t\t\t\t<h1><span style=\"color: inherit;font-family: Avenir, sans-serif;font-size: 2rem;font-weight: bold;text-align: var(--text-align)\">Accessibility Statement<\/span><\/h1><p>We (WR Group), as website operators, strive to design the website in accordance with the relevant accessibility regulations.<\/p><p>The following legal regulations apply to us:<\/p><p>State law on equal opportunities for people with disabilities (State Disability Equality Act \u2013 L-BGG) and L-BGG Implementing Ordinance<\/p><h3>Website<\/h3><p>This accessibility statement applies to the website<a href=\"https:\/\/wr-gruppe.com\/en\/\"> https:\/\/wr-gruppe.com\/<\/a>.<\/p><h4>Website publication date<\/h4><p>This website was published on August 9, 2023.<\/p><h3>Feedback and contact information<\/h3><p>Have you noticed any accessibility issues with content on our website, or do you have any comments or questions regarding accessibility? Please contact us at:<\/p><p><br \/>WR Group<br \/>Wilhelm-Schickard-Str. 3<br \/>DE-72124 Pliezhausen-Gniebel<\/p><p><br \/>Email: info@wr-gruppe.com<br \/>Phone: +49 7127 9296-0<br \/>Fax: +49 7127 9296-100<\/p><p><a href=\"https:\/\/wr-gruppe.com\/en\/kontakt\/\">https:\/\/wr-gruppe.com\/kontakt\/<\/a><\/p><h4>Status of compliance with the requirements<\/h4><p>This website complies as far as possible with the accessibility regulations applicable to us.<\/p><h3>Enforcement proceedings<\/h3><p>If you believe that you have been disadvantaged by the insufficient accessibility of our website, you can contact the relevant enforcement body. You can reach them at:<\/p><p>Ministry of Social Affairs and Integration Baden-W\u00fcrttemberg<br \/>Else-Josenhans-Stra\u00dfe 6<br \/>70173 Stuttgart<\/p><p>Phone: 0711 279-3360<br \/>E-mail: <a href=\"mailto:poststelle@bfbmb.bwl.de\">poststelle@bfbmb.bwl.de<\/a>\u00a0<\/p><h3>Creation of this Accessibility Statement<\/h3><p>This declaration was created on October 20, 2025.<\/p><p>The declaration was last reviewed on October 20, 2025.<\/p><p>Source: <a href=\"https:\/\/www.e-recht24.de\/barrierefreiheitserklaerung.html\" target=\"_blank\" rel=\"noopener\">eRecht24<\/a><\/p>\t\t\t\t\t\t\t\t<\/div>\n\t\t\t\t<\/div>\n\t\t\t\t\t<\/div>\n\t\t\t\t<\/div>\n\t\t\t\t\t<\/div>\n\t\t\t\t<\/div>\n\t\t\t\t<\/div>","protected":false},"excerpt":{"rendered":"<p>Barrierefreiheitserkl\u00e4rung Erkl\u00e4rung zur Barrierefreiheit Wir (WR Gruppe) als Websitebetreiber sind bem\u00fcht, die Website in Einklang mit den einschl\u00e4gigen Vorschriften zur Barrierefreiheit zu gestalten. F\u00fcr uns gelten folgende Rechtsvorschriften: Landesgesetz zur Gleichstellung von Menschen mit Behinderungen (Landes-Behindertengleichstellungsgesetz &#8211; L-BGG) und L-BGG-Durchf\u00fchrungsverordnung Website Diese Erkl\u00e4rung zur Barrierefreiheit gilt f\u00fcr die Website https:\/\/wr-gruppe.com\/. Ver\u00f6ffentlichungsdatum der Website Diese Website [&hellip;]<\/p>","protected":false},"author":5,"featured_media":0,"parent":0,"menu_order":0,"comment_status":"closed","ping_status":"closed","template":"","meta":{"footnotes":""},"class_list":["post-4611","page","type-page","status-publish","hentry"],"_links":{"self":[{"href":"https:\/\/wr-gruppe.com\/en\/wp-json\/wp\/v2\/pages\/4611","targetHints":{"allow":["GET"]}}],"collection":[{"href":"https:\/\/wr-gruppe.com\/en\/wp-json\/wp\/v2\/pages"}],"about":[{"href":"https:\/\/wr-gruppe.com\/en\/wp-json\/wp\/v2\/types\/page"}],"author":[{"embeddable":true,"href":"https:\/\/wr-gruppe.com\/en\/wp-json\/wp\/v2\/users\/5"}],"replies":[{"embeddable":true,"href":"https:\/\/wr-gruppe.com\/en\/wp-json\/wp\/v2\/comments?post=4611"}],"version-history":[{"count":4,"href":"https:\/\/wr-gruppe.com\/en\/wp-json\/wp\/v2\/pages\/4611\/revisions"}],"predecessor-version":[{"id":4616,"href":"https:\/\/wr-gruppe.com\/en\/wp-json\/wp\/v2\/pages\/4611\/revisions\/4616"}],"wp:attachment":[{"href":"https:\/\/wr-gruppe.com\/en\/wp-json\/wp\/v2\/media?parent=4611"}],"curies":[{"name":"wp","href":"https:\/\/api.w.org\/{rel}","templated":true}]}}